{"id":585,"date":"2022-01-13T13:48:30","date_gmt":"2022-01-13T12:48:30","guid":{"rendered":"https:\/\/www.domaine-de-soustres.fr\/\/les-cepages\/"},"modified":"2025-08-10T17:39:32","modified_gmt":"2025-08-10T15:39:32","slug":"grape-varieties","status":"publish","type":"page","link":"https:\/\/www.domaine-de-soustres.fr\/en\/the-estate\/grape-varieties\/","title":{"rendered":"Grape varieties"},"content":{"rendered":"\n<div class=\"wp-block-group\"><div class=\"wp-block-group__inner-container is-layout-flow wp-block-group-is-layout-flow\">\n<div class=\"wp-block-columns is-layout-flex wp-container-core-columns-is-layout-9d6595d7 wp-block-columns-is-layout-flex\">\n<div class=\"wp-block-column is-layout-flow wp-block-column-is-layout-flow\">\n<h2 class=\"wp-block-heading\" id=\"les-cepages\"><strong>Beautiful aromatic signatures<\/strong><\/h2>\n\n\n\n<p><\/p>\n\n\n\n<p class=\"has-text-align-left\">On the property of Domaine de Soustres,<strong> seven different grape varieties<\/strong> are planted to make<strong> <a href=\"\/boutique\/?filter_cepages=&amp;filter_colors=Blanc\">white<\/a>, <a href=\"\/boutique\/?filter_cepages=&amp;filter_colors=Ros%C3%A9\">ros\u00e9 <\/a>and <a href=\"\/boutique\/?filter_cepages=&amp;filter_colors=Rouge\">red <\/a>wines<\/strong> in single varietal or blend. The vineyard has an average age of about 45 years.  <\/p>\n\n\n\n<p class=\"has-text-align-left\">Five of them are grape varieties very <strong>present <\/strong>in the region of <strong>Languedoc-Roussillon<\/strong> and two are grape varieties originating from the <strong>Bordeaux region<\/strong>, highly appreciated internationally. <\/p>\n<\/div>\n\n\n\n<div class=\"wp-block-column is-vertically-aligned-bottom is-layout-flow wp-block-column-is-layout-flow\">\n<p>For the Domaine, the grape varieties are just as <strong>important <\/strong>as <a href=\"https:\/\/www.domaine-de-soustres.fr\/en\/the-estate\/the-terroir-enserune\/\" target=\"_blank\" rel=\"noreferrer noopener\">the ter<\/a><a href=\"https:\/\/www.domaine-de-soustres.fr\/en\/the-estate\/the-terroir-enserune\/\">roir<\/a> and <a href=\"https:\/\/www.domaine-de-soustres.fr\/en\/the-estate\/our-savoir-faire\/\">the work in the cellar,<\/a> because it is thanks to them that we will obtain the <strong>different aromas<\/strong> of the wine. They were selected on the one hand for their aromatic characteristic, and on the other hand for their <a href=\"\/au-coeur-du-languedoc\/une-nature-preservee\/\">adaptation to climate<\/a> and soil. Planted on favourable landforms for their cultivation, they can thus express their varietal aromatic richness.   <\/p>\n<\/div>\n<\/div>\n\n\n\n<div class=\"wp-block-columns is-layout-flex wp-container-core-columns-is-layout-9d6595d7 wp-block-columns-is-layout-flex\">\n<div class=\"wp-block-column is-layout-flow wp-block-column-is-layout-flow\">\n<div class=\"wp-block-image\"><figure class=\"aligncenter size-full\"><img decoding=\"async\" width=\"550\" height=\"367\" data-src=\"https:\/\/www.domaine-de-soustres.fr\/\/wp-content\/uploads\/sites\/5\/2022\/01\/domaine-de-soustres-grenache.png\" alt=\"Domaine-de-soustres_Grenache\" class=\"wp-image-672 lazyload\" data-srcset=\"https:\/\/www.domaine-de-soustres.fr\/wp-content\/uploads\/sites\/5\/2022\/01\/domaine-de-soustres-grenache.png 550w, https:\/\/www.domaine-de-soustres.fr\/wp-content\/uploads\/sites\/5\/2022\/01\/domaine-de-soustres-grenache-155x103.png 155w, https:\/\/www.domaine-de-soustres.fr\/wp-content\/uploads\/sites\/5\/2022\/01\/domaine-de-soustres-grenache-300x200.png 300w, https:\/\/www.domaine-de-soustres.fr\/wp-content\/uploads\/sites\/5\/2022\/01\/domaine-de-soustres-grenache-82x55.png 82w, https:\/\/www.domaine-de-soustres.fr\/wp-content\/uploads\/sites\/5\/2022\/01\/domaine-de-soustres-grenache-247x165.png 247w, https:\/\/www.domaine-de-soustres.fr\/wp-content\/uploads\/sites\/5\/2022\/01\/domaine-de-soustres-grenache-380x254.png 380w, https:\/\/www.domaine-de-soustres.fr\/wp-content\/uploads\/sites\/5\/2022\/01\/domaine-de-soustres-grenache-356x237.png 356w, https:\/\/www.domaine-de-soustres.fr\/wp-content\/uploads\/sites\/5\/2022\/01\/domaine-de-soustres-grenache-168x112.png 168w, https:\/\/www.domaine-de-soustres.fr\/wp-content\/uploads\/sites\/5\/2022\/01\/domaine-de-soustres-grenache-375x250.png 375w\" data-sizes=\"(max-width: 550px) 100vw, 550px\" src=\"data:image\/svg+xml;base64,PHN2ZyB3aWR0aD0iMSIgaGVpZ2h0PSIxIiB4bWxucz0iaHR0cDovL3d3dy53My5vcmcvMjAwMC9zdmciPjwvc3ZnPg==\" style=\"--smush-placeholder-width: 550px; --smush-placeholder-aspect-ratio: 550\/367;\" \/><\/figure><\/div>\n\n\n\n\n<h4 class=\"accordion-title\">Le Grenache Noir  <\/h4><div class=\"accordion\">\n    <div class=\"ac-item\"><h5 class=\"ac-title\">Origine Espagne<\/h5><div class=\"ac-content\"><p>Le Grenache Noir, appel\u00e9 autrefois Roussillon, est un c\u00e9page originaire d\u2019Espagne, sous le nom de Garnacha Tinta, est aujourd\u2019hui le 2\u00e8me c\u00e9page le plus plant\u00e9 en France. Utilis\u00e9 seul ou avec d\u2019autres c\u00e9pages, il apporte une belle aromatisation comme des notes de cerise noire. <\/p><\/div><\/div><\/div>\n<\/div>\n\n\n\n<div class=\"wp-block-column is-layout-flow wp-block-column-is-layout-flow\">\n<figure class=\"wp-block-image size-full\"><img decoding=\"async\" width=\"550\" height=\"367\" data-src=\"https:\/\/www.domaine-de-soustres.fr\/\/wp-content\/uploads\/sites\/5\/2022\/01\/domaine-de-soustres-grenache-gris.png\" alt=\"Domaine-de-soustres_grenache-gris\" class=\"wp-image-676 lazyload\" data-srcset=\"https:\/\/www.domaine-de-soustres.fr\/wp-content\/uploads\/sites\/5\/2022\/01\/domaine-de-soustres-grenache-gris.png 550w, https:\/\/www.domaine-de-soustres.fr\/wp-content\/uploads\/sites\/5\/2022\/01\/domaine-de-soustres-grenache-gris-155x103.png 155w, https:\/\/www.domaine-de-soustres.fr\/wp-content\/uploads\/sites\/5\/2022\/01\/domaine-de-soustres-grenache-gris-300x200.png 300w, https:\/\/www.domaine-de-soustres.fr\/wp-content\/uploads\/sites\/5\/2022\/01\/domaine-de-soustres-grenache-gris-82x55.png 82w, https:\/\/www.domaine-de-soustres.fr\/wp-content\/uploads\/sites\/5\/2022\/01\/domaine-de-soustres-grenache-gris-247x165.png 247w, https:\/\/www.domaine-de-soustres.fr\/wp-content\/uploads\/sites\/5\/2022\/01\/domaine-de-soustres-grenache-gris-380x254.png 380w, https:\/\/www.domaine-de-soustres.fr\/wp-content\/uploads\/sites\/5\/2022\/01\/domaine-de-soustres-grenache-gris-356x237.png 356w, https:\/\/www.domaine-de-soustres.fr\/wp-content\/uploads\/sites\/5\/2022\/01\/domaine-de-soustres-grenache-gris-168x112.png 168w, https:\/\/www.domaine-de-soustres.fr\/wp-content\/uploads\/sites\/5\/2022\/01\/domaine-de-soustres-grenache-gris-375x250.png 375w\" data-sizes=\"(max-width: 550px) 100vw, 550px\" src=\"data:image\/svg+xml;base64,PHN2ZyB3aWR0aD0iMSIgaGVpZ2h0PSIxIiB4bWxucz0iaHR0cDovL3d3dy53My5vcmcvMjAwMC9zdmciPjwvc3ZnPg==\" style=\"--smush-placeholder-width: 550px; --smush-placeholder-aspect-ratio: 550\/367;\" \/><\/figure>\n\n\n\n\n<h4 class=\"accordion-title\">Le Grenache Gris<\/h4><div class=\"accordion\">\n    <div class=\"ac-item\"><h5 class=\"ac-title\">Origine Espagne<\/h5><div class=\"ac-content\"><p>Le Grenache Gris est une mutation du c\u00e9page\u00a0Grenache Noir, qui est aussi originaire d\u2019Espagne. Contrairement aux autres c\u00e9pages qui poss\u00e8dent\u00a0une baie de couleur bleut\u00e9e\/noire, il dispose des baies de couleur\u00a0grise\/ros\u00e9e. Les vins produits avec le Grenache Gris uniquement, sont g\u00e9n\u00e9ralement appel\u00e9s \u00ab\u202fVins gris\u202f\u00bb et donne des ar\u00f4mes\u00a0min\u00e9raux\u00a0et\u00a0d\u2019amandes.\u00a0<\/p><\/div><\/div><\/div>\n<\/div>\n\n\n\n<div class=\"wp-block-column is-layout-flow wp-block-column-is-layout-flow\">\n<div class=\"wp-block-image\"><figure class=\"aligncenter size-full\"><img decoding=\"async\" width=\"550\" height=\"367\" data-src=\"https:\/\/www.domaine-de-soustres.fr\/\/wp-content\/uploads\/sites\/5\/2022\/01\/domaine-de-soustres-cepage.png\" alt=\"Domaine-de-soustres_Carignan\" class=\"wp-image-666 lazyload\" data-srcset=\"https:\/\/www.domaine-de-soustres.fr\/wp-content\/uploads\/sites\/5\/2022\/01\/domaine-de-soustres-cepage.png 550w, https:\/\/www.domaine-de-soustres.fr\/wp-content\/uploads\/sites\/5\/2022\/01\/domaine-de-soustres-cepage-155x103.png 155w, https:\/\/www.domaine-de-soustres.fr\/wp-content\/uploads\/sites\/5\/2022\/01\/domaine-de-soustres-cepage-300x200.png 300w, https:\/\/www.domaine-de-soustres.fr\/wp-content\/uploads\/sites\/5\/2022\/01\/domaine-de-soustres-cepage-82x55.png 82w, https:\/\/www.domaine-de-soustres.fr\/wp-content\/uploads\/sites\/5\/2022\/01\/domaine-de-soustres-cepage-247x165.png 247w, https:\/\/www.domaine-de-soustres.fr\/wp-content\/uploads\/sites\/5\/2022\/01\/domaine-de-soustres-cepage-380x254.png 380w, https:\/\/www.domaine-de-soustres.fr\/wp-content\/uploads\/sites\/5\/2022\/01\/domaine-de-soustres-cepage-356x237.png 356w, https:\/\/www.domaine-de-soustres.fr\/wp-content\/uploads\/sites\/5\/2022\/01\/domaine-de-soustres-cepage-168x112.png 168w, https:\/\/www.domaine-de-soustres.fr\/wp-content\/uploads\/sites\/5\/2022\/01\/domaine-de-soustres-cepage-375x250.png 375w\" data-sizes=\"(max-width: 550px) 100vw, 550px\" src=\"data:image\/svg+xml;base64,PHN2ZyB3aWR0aD0iMSIgaGVpZ2h0PSIxIiB4bWxucz0iaHR0cDovL3d3dy53My5vcmcvMjAwMC9zdmciPjwvc3ZnPg==\" style=\"--smush-placeholder-width: 550px; --smush-placeholder-aspect-ratio: 550\/367;\" \/><\/figure><\/div>\n\n\n\n\n<h4 class=\"accordion-title\">Le Carignan<\/h4><div class=\"accordion\">\n    <div class=\"ac-item\"><h5 class=\"ac-title\">Origine Espagne<\/h5><div class=\"ac-content\"><p>Originaire d\u2019Espagne, le Carignan, aussi appel\u00e9 \u00ab\u202fbois dur\u202f\u00bb d\u00fb \u00e0 ses rameaux tr\u00e8s r\u00e9sistants, il appr\u00e9cie davantage les r\u00e9gions o\u00f9 il fait chaud. G\u00e9n\u00e9ralement utilis\u00e9 pour des vins d\u2019assemblage, le Carignan donne de la puissance et de la complexit\u00e9 au vin. <\/p><\/div><\/div><\/div>\n<\/div>\n<\/div>\n\n\n\n<div class=\"wp-block-columns is-layout-flex wp-container-core-columns-is-layout-9d6595d7 wp-block-columns-is-layout-flex\">\n<div class=\"wp-block-column is-layout-flow wp-block-column-is-layout-flow\">\n<figure class=\"wp-block-gallery columns-1 is-cropped wp-block-gallery-1 is-layout-flex wp-block-gallery-is-layout-flex\"><ul class=\"blocks-gallery-grid\"><li class=\"blocks-gallery-item\"><figure><img decoding=\"async\" width=\"550\" height=\"367\" data-src=\"https:\/\/www.domaine-de-soustres.fr\/\/wp-content\/uploads\/sites\/5\/2022\/01\/domaine-de-soustres-cinsault.png\" alt=\"Domaine-de-soustres_cinsault\" data-id=\"670\" data-full-url=\"https:\/\/www.domaine-de-soustres.fr\/\/wp-content\/uploads\/sites\/5\/2022\/01\/domaine-de-soustres-cinsault.png\" data-link=\"https:\/\/www.domaine-de-soustres.fr\/\/les-cepages\/domaine-de-soustres-cinsault-2\/\" class=\"wp-image-670 lazyload\" data-srcset=\"https:\/\/www.domaine-de-soustres.fr\/wp-content\/uploads\/sites\/5\/2022\/01\/domaine-de-soustres-cinsault.png 550w, https:\/\/www.domaine-de-soustres.fr\/wp-content\/uploads\/sites\/5\/2022\/01\/domaine-de-soustres-cinsault-155x103.png 155w, https:\/\/www.domaine-de-soustres.fr\/wp-content\/uploads\/sites\/5\/2022\/01\/domaine-de-soustres-cinsault-300x200.png 300w, https:\/\/www.domaine-de-soustres.fr\/wp-content\/uploads\/sites\/5\/2022\/01\/domaine-de-soustres-cinsault-82x55.png 82w, https:\/\/www.domaine-de-soustres.fr\/wp-content\/uploads\/sites\/5\/2022\/01\/domaine-de-soustres-cinsault-247x165.png 247w, https:\/\/www.domaine-de-soustres.fr\/wp-content\/uploads\/sites\/5\/2022\/01\/domaine-de-soustres-cinsault-380x254.png 380w, https:\/\/www.domaine-de-soustres.fr\/wp-content\/uploads\/sites\/5\/2022\/01\/domaine-de-soustres-cinsault-356x237.png 356w, https:\/\/www.domaine-de-soustres.fr\/wp-content\/uploads\/sites\/5\/2022\/01\/domaine-de-soustres-cinsault-168x112.png 168w, https:\/\/www.domaine-de-soustres.fr\/wp-content\/uploads\/sites\/5\/2022\/01\/domaine-de-soustres-cinsault-375x250.png 375w\" data-sizes=\"(max-width: 550px) 100vw, 550px\" src=\"data:image\/svg+xml;base64,PHN2ZyB3aWR0aD0iMSIgaGVpZ2h0PSIxIiB4bWxucz0iaHR0cDovL3d3dy53My5vcmcvMjAwMC9zdmciPjwvc3ZnPg==\" style=\"--smush-placeholder-width: 550px; --smush-placeholder-aspect-ratio: 550\/367;\" \/><\/figure><\/li><\/ul><\/figure>\n\n\n\n\n<h4 class=\"accordion-title\">Le Cinsault<\/h4><div class=\"accordion\">\n    <div class=\"ac-item\"><h5 class=\"ac-title\">Origine France<\/h5><div class=\"ac-content\"><p>Le Cinsault ou Cinsaut est un c\u00e9page\u00a0qui\u00a0provient de\u00a0France, dans la r\u00e9gion de la Provence, aujourd\u2019hui tr\u00e8s pr\u00e9sent dans le Languedoc-Roussillon et la Vall\u00e9e du Rh\u00f4ne. Souvent\u00a0associ\u00e9\u00a0au Grenache et au Carignan, il apporte un registre aromatique\u00a0fruit\u00e9\u00a0et des\u00a0tanins souples\u00a0au vin.\u00a0<\/p><\/div><\/div><\/div>\n<\/div>\n\n\n\n<div class=\"wp-block-column is-layout-flow wp-block-column-is-layout-flow\">\n<figure class=\"wp-block-gallery columns-1 is-cropped wp-block-gallery-2 is-layout-flex wp-block-gallery-is-layout-flex\"><ul class=\"blocks-gallery-grid\"><li class=\"blocks-gallery-item\"><figure><img decoding=\"async\" width=\"550\" height=\"367\" data-src=\"https:\/\/www.domaine-de-soustres.fr\/\/wp-content\/uploads\/sites\/5\/2022\/01\/domaine-de-soustres-syrah.png\" alt=\"Domaine-de-soustres_syrah\" data-id=\"674\" data-full-url=\"https:\/\/www.domaine-de-soustres.fr\/\/wp-content\/uploads\/sites\/5\/2022\/01\/domaine-de-soustres-syrah.png\" data-link=\"https:\/\/www.domaine-de-soustres.fr\/\/les-cepages\/domaine-de-soustres-syrah-2\/\" class=\"wp-image-674 lazyload\" data-srcset=\"https:\/\/www.domaine-de-soustres.fr\/wp-content\/uploads\/sites\/5\/2022\/01\/domaine-de-soustres-syrah.png 550w, https:\/\/www.domaine-de-soustres.fr\/wp-content\/uploads\/sites\/5\/2022\/01\/domaine-de-soustres-syrah-155x103.png 155w, https:\/\/www.domaine-de-soustres.fr\/wp-content\/uploads\/sites\/5\/2022\/01\/domaine-de-soustres-syrah-300x200.png 300w, https:\/\/www.domaine-de-soustres.fr\/wp-content\/uploads\/sites\/5\/2022\/01\/domaine-de-soustres-syrah-82x55.png 82w, https:\/\/www.domaine-de-soustres.fr\/wp-content\/uploads\/sites\/5\/2022\/01\/domaine-de-soustres-syrah-247x165.png 247w, https:\/\/www.domaine-de-soustres.fr\/wp-content\/uploads\/sites\/5\/2022\/01\/domaine-de-soustres-syrah-380x254.png 380w, https:\/\/www.domaine-de-soustres.fr\/wp-content\/uploads\/sites\/5\/2022\/01\/domaine-de-soustres-syrah-356x237.png 356w, https:\/\/www.domaine-de-soustres.fr\/wp-content\/uploads\/sites\/5\/2022\/01\/domaine-de-soustres-syrah-168x112.png 168w, https:\/\/www.domaine-de-soustres.fr\/wp-content\/uploads\/sites\/5\/2022\/01\/domaine-de-soustres-syrah-375x250.png 375w\" data-sizes=\"(max-width: 550px) 100vw, 550px\" src=\"data:image\/svg+xml;base64,PHN2ZyB3aWR0aD0iMSIgaGVpZ2h0PSIxIiB4bWxucz0iaHR0cDovL3d3dy53My5vcmcvMjAwMC9zdmciPjwvc3ZnPg==\" style=\"--smush-placeholder-width: 550px; --smush-placeholder-aspect-ratio: 550\/367;\" \/><\/figure><\/li><\/ul><\/figure>\n\n\n\n\n<h4 class=\"accordion-title\">La Syrah<\/h4><div class=\"accordion\">\n    <div class=\"ac-item\"><h5 class=\"ac-title\">Origine Suisse et France<\/h5><div class=\"ac-content\"><p>La Syrah provient de Suisse et de France, notamment dans la\u00a0Vall\u00e9e du Rh\u00f4ne, elle est aujourd\u2019hui implant\u00e9e dans tout le sud de la France. Dans le Languedoc-Roussillon, elle est souvent\u00a0assembl\u00e9e\u00a0au Grenache Noir. Elle donnera de la\u00a0puissance\u00a0au vin ainsi que des senteurs de r\u00e9glisse.<\/p><\/div><\/div><\/div>\n<\/div>\n\n\n\n<div class=\"wp-block-column is-layout-flow wp-block-column-is-layout-flow\">\n<figure class=\"wp-block-gallery columns-1 is-cropped wp-block-gallery-3 is-layout-flex wp-block-gallery-is-layout-flex\"><ul class=\"blocks-gallery-grid\"><li class=\"blocks-gallery-item\"><figure><img decoding=\"async\" width=\"550\" height=\"367\" data-src=\"https:\/\/www.domaine-de-soustres.fr\/\/wp-content\/uploads\/sites\/5\/2022\/01\/domaine-de-soustres-cabernet-sauvignon.png\" alt=\"Domaine-de-soustres_cabernet-sauvignon\" data-id=\"664\" data-full-url=\"https:\/\/www.domaine-de-soustres.fr\/\/wp-content\/uploads\/sites\/5\/2022\/01\/domaine-de-soustres-cabernet-sauvignon.png\" data-link=\"https:\/\/www.domaine-de-soustres.fr\/\/les-cepages\/domaine-de-soustres-cabernet-sauvignon-2\/\" class=\"wp-image-664 lazyload\" data-srcset=\"https:\/\/www.domaine-de-soustres.fr\/wp-content\/uploads\/sites\/5\/2022\/01\/domaine-de-soustres-cabernet-sauvignon.png 550w, https:\/\/www.domaine-de-soustres.fr\/wp-content\/uploads\/sites\/5\/2022\/01\/domaine-de-soustres-cabernet-sauvignon-155x103.png 155w, https:\/\/www.domaine-de-soustres.fr\/wp-content\/uploads\/sites\/5\/2022\/01\/domaine-de-soustres-cabernet-sauvignon-300x200.png 300w, https:\/\/www.domaine-de-soustres.fr\/wp-content\/uploads\/sites\/5\/2022\/01\/domaine-de-soustres-cabernet-sauvignon-82x55.png 82w, https:\/\/www.domaine-de-soustres.fr\/wp-content\/uploads\/sites\/5\/2022\/01\/domaine-de-soustres-cabernet-sauvignon-247x165.png 247w, https:\/\/www.domaine-de-soustres.fr\/wp-content\/uploads\/sites\/5\/2022\/01\/domaine-de-soustres-cabernet-sauvignon-380x254.png 380w, https:\/\/www.domaine-de-soustres.fr\/wp-content\/uploads\/sites\/5\/2022\/01\/domaine-de-soustres-cabernet-sauvignon-356x237.png 356w, https:\/\/www.domaine-de-soustres.fr\/wp-content\/uploads\/sites\/5\/2022\/01\/domaine-de-soustres-cabernet-sauvignon-168x112.png 168w, https:\/\/www.domaine-de-soustres.fr\/wp-content\/uploads\/sites\/5\/2022\/01\/domaine-de-soustres-cabernet-sauvignon-375x250.png 375w\" data-sizes=\"(max-width: 550px) 100vw, 550px\" src=\"data:image\/svg+xml;base64,PHN2ZyB3aWR0aD0iMSIgaGVpZ2h0PSIxIiB4bWxucz0iaHR0cDovL3d3dy53My5vcmcvMjAwMC9zdmciPjwvc3ZnPg==\" style=\"--smush-placeholder-width: 550px; --smush-placeholder-aspect-ratio: 550\/367;\" \/><\/figure><\/li><\/ul><\/figure>\n\n\n\n\n<h4 class=\"accordion-title\">Le Cabernet Sauvignon<\/h4><div class=\"accordion\">\n    <div class=\"ac-item\"><h5 class=\"ac-title\">Origine France<\/h5><div class=\"ac-content\"><p>Le Cabernet Sauvignon est un c\u00e9page est\u00a0originaire\u00a0de France, de la r\u00e9gion temp\u00e9r\u00e9e\u00a0bordelaise, bien qu\u2019il soit aujourd\u2019hui, implant\u00e9 dans de nombreux pays viticoles. Connu pour faire des vins\u00a0d\u2019assemblage, le Cabernet Sauvignon offre des ar\u00f4mes de\u00a0cassis\u00a0et de\u00a0poivron vert.\u00a0<\/p><\/div><\/div><\/div>\n<\/div>\n<\/div>\n\n\n\n\n<div class=\"accordion\">\n    <\/div>\n\n\n\n<div class=\"wp-block-columns is-layout-flex wp-container-core-columns-is-layout-9d6595d7 wp-block-columns-is-layout-flex\">\n<div class=\"wp-block-column is-layout-flow wp-block-column-is-layout-flow\">\n<figure class=\"wp-block-gallery columns-1 is-cropped wp-block-gallery-4 is-layout-flex wp-block-gallery-is-layout-flex\"><ul class=\"blocks-gallery-grid\"><li class=\"blocks-gallery-item\"><figure><img decoding=\"async\" width=\"550\" height=\"367\" data-src=\"https:\/\/www.domaine-de-soustres.fr\/\/wp-content\/uploads\/sites\/5\/2022\/01\/domaine-de-soustres-merlot.png\" alt=\"Domaine-de-soustres_merlot\" data-id=\"678\" data-full-url=\"https:\/\/www.domaine-de-soustres.fr\/\/wp-content\/uploads\/sites\/5\/2022\/01\/domaine-de-soustres-merlot.png\" data-link=\"https:\/\/www.domaine-de-soustres.fr\/\/les-cepages\/domaine-de-soustres-merlot\/\" class=\"wp-image-678 lazyload\" data-srcset=\"https:\/\/www.domaine-de-soustres.fr\/wp-content\/uploads\/sites\/5\/2022\/01\/domaine-de-soustres-merlot.png 550w, https:\/\/www.domaine-de-soustres.fr\/wp-content\/uploads\/sites\/5\/2022\/01\/domaine-de-soustres-merlot-155x103.png 155w, https:\/\/www.domaine-de-soustres.fr\/wp-content\/uploads\/sites\/5\/2022\/01\/domaine-de-soustres-merlot-300x200.png 300w, https:\/\/www.domaine-de-soustres.fr\/wp-content\/uploads\/sites\/5\/2022\/01\/domaine-de-soustres-merlot-82x55.png 82w, https:\/\/www.domaine-de-soustres.fr\/wp-content\/uploads\/sites\/5\/2022\/01\/domaine-de-soustres-merlot-247x165.png 247w, https:\/\/www.domaine-de-soustres.fr\/wp-content\/uploads\/sites\/5\/2022\/01\/domaine-de-soustres-merlot-380x254.png 380w, https:\/\/www.domaine-de-soustres.fr\/wp-content\/uploads\/sites\/5\/2022\/01\/domaine-de-soustres-merlot-356x237.png 356w, https:\/\/www.domaine-de-soustres.fr\/wp-content\/uploads\/sites\/5\/2022\/01\/domaine-de-soustres-merlot-168x112.png 168w, https:\/\/www.domaine-de-soustres.fr\/wp-content\/uploads\/sites\/5\/2022\/01\/domaine-de-soustres-merlot-375x250.png 375w\" data-sizes=\"(max-width: 550px) 100vw, 550px\" src=\"data:image\/svg+xml;base64,PHN2ZyB3aWR0aD0iMSIgaGVpZ2h0PSIxIiB4bWxucz0iaHR0cDovL3d3dy53My5vcmcvMjAwMC9zdmciPjwvc3ZnPg==\" style=\"--smush-placeholder-width: 550px; --smush-placeholder-aspect-ratio: 550\/367;\" \/><\/figure><\/li><\/ul><\/figure>\n\n\n\n\n<h4 class=\"accordion-title\">Le Merlot<\/h4><div class=\"accordion\">\n    <div class=\"ac-item\"><h5 class=\"ac-title\">Origine France<\/h5><div class=\"ac-content\"><p>Originaire du\u00a0Sud-Ouest\u00a0de la France dans la r\u00e9gion bordelaise, dont il est le c\u00e9page\u00a0embl\u00e9matique, le Merlot est pr\u00e9sent dans la quasi-totalit\u00e9 du monde. Utilis\u00e9 principalement pour des vins\u00a0d\u2019assemblage, ce c\u00e9page apportera\u00a0rondeur\u00a0et ar\u00f4mes de\u00a0fruits rouges\u00a0au vin.\u00a0<\/p><\/div><\/div><\/div>\n<\/div>\n\n\n\n<div class=\"wp-block-column is-layout-flow wp-block-column-is-layout-flow\"><\/div>\n\n\n\n<div class=\"wp-block-column is-layout-flow wp-block-column-is-layout-flow\"><\/div>\n<\/div>\n<\/div><\/div>\n","protected":false},"excerpt":{"rendered":"<p>Beautiful aromatic signatures On the property of Domaine de Soustres, seven different grape varieties are planted to make white, ros\u00e9 and red wines in single varietal or blend. The vineyard has an average age of about 45 years. Five of them are grape varieties very present in the region of Languedoc-Roussillon and two are grape [&hellip;]<\/p>\n","protected":false},"author":1,"featured_media":208,"parent":561,"menu_order":3,"comment_status":"closed","ping_status":"closed","template":"","meta":{"footnotes":""},"class_list":["post-585","page","type-page","status-publish","has-post-thumbnail","hentry"],"acf":[],"_links":{"self":[{"href":"https:\/\/www.domaine-de-soustres.fr\/en\/wp-json\/wp\/v2\/pages\/585","targetHints":{"allow":["GET"]}}],"collection":[{"href":"https:\/\/www.domaine-de-soustres.fr\/en\/wp-json\/wp\/v2\/pages"}],"about":[{"href":"https:\/\/www.domaine-de-soustres.fr\/en\/wp-json\/wp\/v2\/types\/page"}],"author":[{"embeddable":true,"href":"https:\/\/www.domaine-de-soustres.fr\/en\/wp-json\/wp\/v2\/users\/1"}],"replies":[{"embeddable":true,"href":"https:\/\/www.domaine-de-soustres.fr\/en\/wp-json\/wp\/v2\/comments?post=585"}],"version-history":[{"count":0,"href":"https:\/\/www.domaine-de-soustres.fr\/en\/wp-json\/wp\/v2\/pages\/585\/revisions"}],"up":[{"embeddable":true,"href":"https:\/\/www.domaine-de-soustres.fr\/en\/wp-json\/wp\/v2\/pages\/561"}],"wp:featuredmedia":[{"embeddable":true,"href":"https:\/\/www.domaine-de-soustres.fr\/en\/wp-json\/wp\/v2\/media\/208"}],"wp:attachment":[{"href":"https:\/\/www.domaine-de-soustres.fr\/en\/wp-json\/wp\/v2\/media?parent=585"}],"curies":[{"name":"wp","href":"https:\/\/api.w.org\/{rel}","templated":true}]}}