{"id":596,"date":"2022-01-11T13:22:29","date_gmt":"2022-01-11T12:22:29","guid":{"rendered":"https:\/\/www.domaine-de-soustres.fr\/\/in-the-of-languedoc\/"},"modified":"2025-08-10T17:07:15","modified_gmt":"2025-08-10T15:07:15","slug":"in-the-heart-of-languedoc","status":"publish","type":"page","link":"https:\/\/www.domaine-de-soustres.fr\/en\/in-the-heart-of-languedoc\/","title":{"rendered":"In the heart of Languedoc"},"content":{"rendered":"\n<div id=\"une-localisation-privilegiee\" class=\"wp-block-group\"><div class=\"wp-block-group__inner-container is-layout-flow wp-block-group-is-layout-flow\">\n<div class=\"wp-block-columns is-layout-flex wp-container-core-columns-is-layout-9d6595d7 wp-block-columns-is-layout-flex\">\n<div class=\"wp-block-column is-vertically-aligned-center is-layout-flow wp-block-column-is-layout-flow\">\n<h2 class=\"wp-block-heading\" id=\"une-localisation-privilegiee\"><strong>A privileged location <\/strong> <\/h2>\n\n\n\n<p>Domaine de Soustres lies in the <strong>heart<\/strong> of the <strong>Languedoc<\/strong> region, between the Mediterranean Sea and the Haut-Languedoc mountain range. Located on <a href=\"https:\/\/www.domaine-de-soustres.fr\/en\/the-estate\/the-terroir-enserune\/\"><strong>the hill of Ens\u00e9rune<\/strong><\/a>, between B\u00e9ziers and Narbonne. <\/p>\n\n\n\n<p>On this hill is the <a href=\"http:\/\/www.enserune.fr\/\" target=\"_blank\" rel=\"noreferrer noopener\"><strong>Oppidum d&#8217;Ens\u00e9rune<\/strong><\/a> <strong>museum <\/strong>and its <strong>archaeological <\/strong>site, the remains of a major Gallo-Roman settlement in the southern Mediterranean occupied between the 6th century BC and the 1st century AD.<\/p>\n<\/div>\n\n\n\n<div class=\"wp-block-column is-vertically-aligned-center is-layout-flow wp-block-column-is-layout-flow\">\n<figure class=\"wp-block-image size-large\"><img decoding=\"async\" width=\"1024\" height=\"768\" data-src=\"https:\/\/www.domaine-de-soustres.fr\/wp-content\/uploads\/sites\/5\/2022\/06\/une-localisatiopn-privilegiee-1024x768.jpg\" alt=\"domaine-de-soustres_au-coeur-du-languedoc\" class=\"wp-image-2853 lazyload\" data-srcset=\"https:\/\/www.domaine-de-soustres.fr\/wp-content\/uploads\/sites\/5\/2022\/06\/une-localisatiopn-privilegiee-1024x768.jpg 1024w, https:\/\/www.domaine-de-soustres.fr\/wp-content\/uploads\/sites\/5\/2022\/06\/une-localisatiopn-privilegiee-300x225.jpg 300w, https:\/\/www.domaine-de-soustres.fr\/wp-content\/uploads\/sites\/5\/2022\/06\/une-localisatiopn-privilegiee-768x576.jpg 768w, https:\/\/www.domaine-de-soustres.fr\/wp-content\/uploads\/sites\/5\/2022\/06\/une-localisatiopn-privilegiee-1536x1152.jpg 1536w, https:\/\/www.domaine-de-soustres.fr\/wp-content\/uploads\/sites\/5\/2022\/06\/une-localisatiopn-privilegiee-80x60.jpg 80w, https:\/\/www.domaine-de-soustres.fr\/wp-content\/uploads\/sites\/5\/2022\/06\/une-localisatiopn-privilegiee-104x78.jpg 104w, https:\/\/www.domaine-de-soustres.fr\/wp-content\/uploads\/sites\/5\/2022\/06\/une-localisatiopn-privilegiee-73x55.jpg 73w, https:\/\/www.domaine-de-soustres.fr\/wp-content\/uploads\/sites\/5\/2022\/06\/une-localisatiopn-privilegiee-220x165.jpg 220w, https:\/\/www.domaine-de-soustres.fr\/wp-content\/uploads\/sites\/5\/2022\/06\/une-localisatiopn-privilegiee-262x197.jpg 262w, https:\/\/www.domaine-de-soustres.fr\/wp-content\/uploads\/sites\/5\/2022\/06\/une-localisatiopn-privilegiee-380x285.jpg 380w, https:\/\/www.domaine-de-soustres.fr\/wp-content\/uploads\/sites\/5\/2022\/06\/une-localisatiopn-privilegiee-149x112.jpg 149w, https:\/\/www.domaine-de-soustres.fr\/wp-content\/uploads\/sites\/5\/2022\/06\/une-localisatiopn-privilegiee-500x375.jpg 500w, https:\/\/www.domaine-de-soustres.fr\/wp-content\/uploads\/sites\/5\/2022\/06\/une-localisatiopn-privilegiee-600x450.jpg 600w, https:\/\/www.domaine-de-soustres.fr\/wp-content\/uploads\/sites\/5\/2022\/06\/une-localisatiopn-privilegiee.jpg 1672w\" data-sizes=\"(max-width: 1024px) 100vw, 1024px\" src=\"data:image\/svg+xml;base64,PHN2ZyB3aWR0aD0iMSIgaGVpZ2h0PSIxIiB4bWxucz0iaHR0cDovL3d3dy53My5vcmcvMjAwMC9zdmciPjwvc3ZnPg==\" style=\"--smush-placeholder-width: 1024px; --smush-placeholder-aspect-ratio: 1024\/768;\" \/><figcaption>View of the dry pond at Montady from the Oppidum d&#8217;Ens\u00e9rune site<\/figcaption><\/figure>\n<\/div>\n<\/div>\n<\/div><\/div>\n\n<div class=\"wp-block-group\"><div class=\"wp-block-group__inner-container is-layout-flow wp-block-group-is-layout-flow\">\n<div class=\"wp-block-columns is-layout-flex wp-container-core-columns-is-layout-9d6595d7 wp-block-columns-is-layout-flex\">\n<div class=\"wp-block-column is-layout-flow wp-block-column-is-layout-flow\">\n<figure class=\"wp-block-image size-full\"><img decoding=\"async\" width=\"800\" height=\"532\" data-src=\"https:\/\/www.domaine-de-soustres.fr\/\/wp-content\/uploads\/sites\/5\/2022\/02\/domaine-de-soustres-poursuivre-le-voyage.jpg\" alt=\"Domaine-de-soustres_canal-du-midi-malpas\" class=\"wp-image-1784 lazyload\" data-srcset=\"https:\/\/www.domaine-de-soustres.fr\/wp-content\/uploads\/sites\/5\/2022\/02\/domaine-de-soustres-poursuivre-le-voyage.jpg 800w, https:\/\/www.domaine-de-soustres.fr\/wp-content\/uploads\/sites\/5\/2022\/02\/domaine-de-soustres-poursuivre-le-voyage-300x200.jpg 300w, https:\/\/www.domaine-de-soustres.fr\/wp-content\/uploads\/sites\/5\/2022\/02\/domaine-de-soustres-poursuivre-le-voyage-768x511.jpg 768w, https:\/\/www.domaine-de-soustres.fr\/wp-content\/uploads\/sites\/5\/2022\/02\/domaine-de-soustres-poursuivre-le-voyage-90x60.jpg 90w, https:\/\/www.domaine-de-soustres.fr\/wp-content\/uploads\/sites\/5\/2022\/02\/domaine-de-soustres-poursuivre-le-voyage-117x78.jpg 117w, https:\/\/www.domaine-de-soustres.fr\/wp-content\/uploads\/sites\/5\/2022\/02\/domaine-de-soustres-poursuivre-le-voyage-83x55.jpg 83w, https:\/\/www.domaine-de-soustres.fr\/wp-content\/uploads\/sites\/5\/2022\/02\/domaine-de-soustres-poursuivre-le-voyage-248x165.jpg 248w, https:\/\/www.domaine-de-soustres.fr\/wp-content\/uploads\/sites\/5\/2022\/02\/domaine-de-soustres-poursuivre-le-voyage-262x174.jpg 262w, https:\/\/www.domaine-de-soustres.fr\/wp-content\/uploads\/sites\/5\/2022\/02\/domaine-de-soustres-poursuivre-le-voyage-380x253.jpg 380w, https:\/\/www.domaine-de-soustres.fr\/wp-content\/uploads\/sites\/5\/2022\/02\/domaine-de-soustres-poursuivre-le-voyage-356x237.jpg 356w, https:\/\/www.domaine-de-soustres.fr\/wp-content\/uploads\/sites\/5\/2022\/02\/domaine-de-soustres-poursuivre-le-voyage-168x112.jpg 168w, https:\/\/www.domaine-de-soustres.fr\/wp-content\/uploads\/sites\/5\/2022\/02\/domaine-de-soustres-poursuivre-le-voyage-375x250.jpg 375w, https:\/\/www.domaine-de-soustres.fr\/wp-content\/uploads\/sites\/5\/2022\/02\/domaine-de-soustres-poursuivre-le-voyage-500x333.jpg 500w, https:\/\/www.domaine-de-soustres.fr\/wp-content\/uploads\/sites\/5\/2022\/02\/domaine-de-soustres-poursuivre-le-voyage-600x399.jpg 600w\" data-sizes=\"(max-width: 800px) 100vw, 800px\" src=\"data:image\/svg+xml;base64,PHN2ZyB3aWR0aD0iMSIgaGVpZ2h0PSIxIiB4bWxucz0iaHR0cDovL3d3dy53My5vcmcvMjAwMC9zdmciPjwvc3ZnPg==\" style=\"--smush-placeholder-width: 800px; --smush-placeholder-aspect-ratio: 800\/532;\" \/><figcaption>The Canal du Midi through the Malpas Tunnel<\/figcaption><\/figure>\n<\/div>\n\n\n\n<div class=\"wp-block-column is-vertically-aligned-center is-layout-flow wp-block-column-is-layout-flow\">\n<p>From the top of the hill, a magnificent view is offered over <strong>the <\/strong><a href=\"https:\/\/www.tourismeendomitienne.com\/l-etang-asseche-de-montady\" target=\"_blank\" rel=\"noreferrer noopener\"><strong>Etang of Montady<\/strong><\/a> which was dried up in the <sup>13th <\/sup>century. Since then, on 400 hectares, it forms a circle at the center of which multiple channels leave forming &#8220;rays&#8221; similar to those of a sun. <\/p>\n\n\n\n<p>At the foot of the hill, flows the <a href=\"https:\/\/www.tourisme-occitanie.com\/destinations\/incontournables\/beziers-canal-du-midi\/\" target=\"_blank\" rel=\"noreferrer noopener\"><strong>Canal du Midi <\/strong><\/a>one of the oldest canals in Europe<strong> still in operation<\/strong>. In <strong>1996<\/strong>, the Canal was declared a <strong>UNESCO World Heritage site.<\/strong> It crosses the <a href=\"https:\/\/www.tourismeendomitienne.com\/le-tunnel-du-malpas\" target=\"_blank\" rel=\"noreferrer noopener\"><strong>Malpas Tunnel, <\/strong><\/a>dug out of the rock <strong>in 1679<\/strong> by <strong>Pierre-Paul Riquet.<\/strong>   <\/p>\n<\/div>\n<\/div>\n<\/div><\/div>\n\n<div id=\"une-patrimoine-historique-riche\" class=\"wp-block-group\"><div class=\"wp-block-group__inner-container is-layout-flow wp-block-group-is-layout-flow\">\n<div class=\"wp-block-columns is-layout-flex wp-container-core-columns-is-layout-9d6595d7 wp-block-columns-is-layout-flex\">\n<div class=\"wp-block-column is-vertically-aligned-center is-layout-flow wp-block-column-is-layout-flow\">\n<h2 class=\"is-style-default wp-block-heading\">Birthplace of wine in France <\/h2>\n\n\n\n<p>The site <a style=\"font-weight: bold\" href=\"https:\/\/www.herault-tourisme.com\/fr\/decouvrir\/nos-incontournables\/oppidum-d-enserune-etang-de-montady\/\" target=\"_blank\" rel=\"noreferrer noopener\">of Ens\u00e9rune<\/a> <b>is <\/b>considered by several historians as the <strong>cradle of wine in France.<\/strong><br\/>From the <sup>6th <\/sup>century BC, this strategic position of a promontory and the proximity of the sea allowed the rise of the first city of Ens\u00e9rune. It is here that the Etruscans, then the Greeks began the <strong>marketing of wine in Gaul<\/strong>. <strong>Archaeological excavations<\/strong> show that the <strong>vine <\/strong>was then cultivated  <strong> <\/strong>on a large scale in the <a href=\"https:\/\/www.inrap.fr\/dossiers\/Archeologie-du-Vin\/Histoire-du-vin\/Apogee-et-declin-de-la-viticulture-gallo-romaine#.YXKxGBpBzD4\" target=\"_blank\" rel=\"noreferrer noopener\"><strong>Biterrois<\/strong><\/a><strong> <\/strong><strong>300 B.C.<\/strong><\/p>\n<\/div>\n\n\n\n<div class=\"wp-block-column is-vertically-aligned-center is-layout-flow wp-block-column-is-layout-flow\">\n<figure class=\"wp-block-image size-full\"><img decoding=\"async\" width=\"700\" height=\"460\" data-src=\"https:\/\/www.domaine-de-soustres.fr\/\/wp-content\/uploads\/sites\/5\/2021\/12\/domaine-de-soustres-cite-denserune.jpg\" alt=\"Domain-of-subtracts_cite-of enserune\" class=\"wp-image-199 lazyload\" data-srcset=\"https:\/\/www.domaine-de-soustres.fr\/wp-content\/uploads\/sites\/5\/2021\/12\/domaine-de-soustres-cite-denserune.jpg 700w, https:\/\/www.domaine-de-soustres.fr\/wp-content\/uploads\/sites\/5\/2021\/12\/domaine-de-soustres-cite-denserune-155x102.jpg 155w, https:\/\/www.domaine-de-soustres.fr\/wp-content\/uploads\/sites\/5\/2021\/12\/domaine-de-soustres-cite-denserune-600x394.jpg 600w, https:\/\/www.domaine-de-soustres.fr\/wp-content\/uploads\/sites\/5\/2021\/12\/domaine-de-soustres-cite-denserune-300x197.jpg 300w, https:\/\/www.domaine-de-soustres.fr\/wp-content\/uploads\/sites\/5\/2021\/12\/domaine-de-soustres-cite-denserune-91x60.jpg 91w, https:\/\/www.domaine-de-soustres.fr\/wp-content\/uploads\/sites\/5\/2021\/12\/domaine-de-soustres-cite-denserune-119x78.jpg 119w, https:\/\/www.domaine-de-soustres.fr\/wp-content\/uploads\/sites\/5\/2021\/12\/domaine-de-soustres-cite-denserune-84x55.jpg 84w, https:\/\/www.domaine-de-soustres.fr\/wp-content\/uploads\/sites\/5\/2021\/12\/domaine-de-soustres-cite-denserune-251x165.jpg 251w, https:\/\/www.domaine-de-soustres.fr\/wp-content\/uploads\/sites\/5\/2021\/12\/domaine-de-soustres-cite-denserune-380x250.jpg 380w, https:\/\/www.domaine-de-soustres.fr\/wp-content\/uploads\/sites\/5\/2021\/12\/domaine-de-soustres-cite-denserune-170x112.jpg 170w\" data-sizes=\"(max-width: 700px) 100vw, 700px\" src=\"data:image\/svg+xml;base64,PHN2ZyB3aWR0aD0iMSIgaGVpZ2h0PSIxIiB4bWxucz0iaHR0cDovL3d3dy53My5vcmcvMjAwMC9zdmciPjwvc3ZnPg==\" style=\"--smush-placeholder-width: 700px; --smush-placeholder-aspect-ratio: 700\/460;\" \/><figcaption>The archaeological excavations of the Oppidum Museum in Ens\u00e9rune <\/figcaption><\/figure>\n<\/div>\n<\/div>\n<\/div><\/div>\n\n<div class=\"wp-block-group\"><div class=\"wp-block-group__inner-container is-layout-flow wp-block-group-is-layout-flow\">\n<div class=\"wp-block-columns is-layout-flex wp-container-core-columns-is-layout-9d6595d7 wp-block-columns-is-layout-flex\">\n<div class=\"wp-block-column is-vertically-aligned-center is-layout-flow wp-block-column-is-layout-flow\">\n<figure class=\"wp-block-image size-large\"><img decoding=\"async\" width=\"1024\" height=\"682\" data-src=\"https:\/\/www.domaine-de-soustres.fr\/\/wp-content\/uploads\/sites\/5\/2021\/12\/domaine-de-soustres-domaine-vue-de-haut-1024x682.jpg\" alt=\"Domain-of-subtracts_domain-top-view\" class=\"wp-image-201 lazyload\" data-srcset=\"https:\/\/www.domaine-de-soustres.fr\/wp-content\/uploads\/sites\/5\/2021\/12\/domaine-de-soustres-domaine-vue-de-haut-1024x682.jpg 1024w, https:\/\/www.domaine-de-soustres.fr\/wp-content\/uploads\/sites\/5\/2021\/12\/domaine-de-soustres-domaine-vue-de-haut-scaled-155x103.jpg 155w, https:\/\/www.domaine-de-soustres.fr\/wp-content\/uploads\/sites\/5\/2021\/12\/domaine-de-soustres-domaine-vue-de-haut-scaled-600x400.jpg 600w, https:\/\/www.domaine-de-soustres.fr\/wp-content\/uploads\/sites\/5\/2021\/12\/domaine-de-soustres-domaine-vue-de-haut-300x200.jpg 300w, https:\/\/www.domaine-de-soustres.fr\/wp-content\/uploads\/sites\/5\/2021\/12\/domaine-de-soustres-domaine-vue-de-haut-768x512.jpg 768w, https:\/\/www.domaine-de-soustres.fr\/wp-content\/uploads\/sites\/5\/2021\/12\/domaine-de-soustres-domaine-vue-de-haut-1536x1023.jpg 1536w, https:\/\/www.domaine-de-soustres.fr\/wp-content\/uploads\/sites\/5\/2021\/12\/domaine-de-soustres-domaine-vue-de-haut-2048x1364.jpg 2048w, https:\/\/www.domaine-de-soustres.fr\/wp-content\/uploads\/sites\/5\/2021\/12\/domaine-de-soustres-domaine-vue-de-haut-90x60.jpg 90w, https:\/\/www.domaine-de-soustres.fr\/wp-content\/uploads\/sites\/5\/2021\/12\/domaine-de-soustres-domaine-vue-de-haut-117x78.jpg 117w, https:\/\/www.domaine-de-soustres.fr\/wp-content\/uploads\/sites\/5\/2021\/12\/domaine-de-soustres-domaine-vue-de-haut-83x55.jpg 83w, https:\/\/www.domaine-de-soustres.fr\/wp-content\/uploads\/sites\/5\/2021\/12\/domaine-de-soustres-domaine-vue-de-haut-248x165.jpg 248w, https:\/\/www.domaine-de-soustres.fr\/wp-content\/uploads\/sites\/5\/2021\/12\/domaine-de-soustres-domaine-vue-de-haut-380x253.jpg 380w, https:\/\/www.domaine-de-soustres.fr\/wp-content\/uploads\/sites\/5\/2021\/12\/domaine-de-soustres-domaine-vue-de-haut-356x237.jpg 356w, https:\/\/www.domaine-de-soustres.fr\/wp-content\/uploads\/sites\/5\/2021\/12\/domaine-de-soustres-domaine-vue-de-haut-168x112.jpg 168w, https:\/\/www.domaine-de-soustres.fr\/wp-content\/uploads\/sites\/5\/2021\/12\/domaine-de-soustres-domaine-vue-de-haut-375x250.jpg 375w\" data-sizes=\"(max-width: 1024px) 100vw, 1024px\" src=\"data:image\/svg+xml;base64,PHN2ZyB3aWR0aD0iMSIgaGVpZ2h0PSIxIiB4bWxucz0iaHR0cDovL3d3dy53My5vcmcvMjAwMC9zdmciPjwvc3ZnPg==\" style=\"--smush-placeholder-width: 1024px; --smush-placeholder-aspect-ratio: 1024\/682;\" \/><figcaption>The building of the winemaking cellars<\/figcaption><\/figure>\n<\/div>\n\n\n\n<div class=\"wp-block-column is-vertically-aligned-center is-layout-flow wp-block-column-is-layout-flow\">\n<h2 class=\"wp-block-heading\">From the Romans to Medieval Times <\/h2>\n\n\n\n<p>In 120 BC with the foundation of Narbonne, the city of Ens\u00e9rune gradually disappeared. Some lands of the Narbonnaise are distributed to Roman veterans and the Domaine de Soustres becomes a large Roman villa. Its unique situation of promontory along the Domitian road will favor its successive transformations into a Visigoth hamlet, a monastery and then a seigniorial domain.  <\/p>\n\n\n\n<p>At the beginning of the <sup>XIIIth <\/sup>century, after the war of the Albigenses against the Cathars, the Domain depends on the Diocese of Narbonne. It is then named <strong>\u00abGarsagas et Balmas\u00bb.<\/strong>  <\/p>\n<\/div>\n<\/div>\n<\/div><\/div>\n\n<div class=\"wp-block-group\"><div class=\"wp-block-group__inner-container is-layout-flow wp-block-group-is-layout-flow\">\n<div class=\"wp-block-columns is-layout-flex wp-container-core-columns-is-layout-9d6595d7 wp-block-columns-is-layout-flex\">\n<div class=\"wp-block-column is-vertically-aligned-center is-layout-flow wp-block-column-is-layout-flow\">\n<h2 class=\"wp-block-heading\">Birth of Domaine de Soustres <\/h2>\n\n\n\n<p>During the 16th century, the estate of Soustres became property of the family of Portalon and will remain so until the 1970s.<\/p>\n\n\n\n<h2 class=\"wp-block-heading\">A new era <\/h2>\n\n\n\n<p>Jean Mamert decided, with friends, to acquire the Domain.<\/p>\n<\/div>\n\n\n\n<div class=\"wp-block-column is-vertically-aligned-center is-layout-flow wp-block-column-is-layout-flow\">\n<figure class=\"wp-block-image size-large\"><img decoding=\"async\" data-src=\"https:\/\/www.domaine-de-soustres.fr\/\/wp-content\/uploads\/sites\/5\/2021\/12\/domaine-de-soustres-vue-vignoble-1024x682.jpg\" alt=\"Domaine-de-soustres_berceau-du-vin\" class=\"wp-image-205 lazyload\" src=\"data:image\/svg+xml;base64,PHN2ZyB3aWR0aD0iMSIgaGVpZ2h0PSIxIiB4bWxucz0iaHR0cDovL3d3dy53My5vcmcvMjAwMC9zdmciPjwvc3ZnPg==\" style=\"--smush-placeholder-width: 1024px; --smush-placeholder-aspect-ratio: 1024\/682;\" \/><figcaption>The Estate and the extent of its vineyard <\/figcaption><\/figure>\n<\/div>\n<\/div>\n<\/div><\/div>\n","protected":false},"excerpt":{"rendered":"<p>A privileged location Domaine de Soustres lies in the heart of the Languedoc region, between the Mediterranean Sea and the Haut-Languedoc mountain range. Located on the hill of Ens\u00e9rune, between B\u00e9ziers and Narbonne. On this hill is the Oppidum d&#8217;Ens\u00e9rune museum and its archaeological site, the remains of a major Gallo-Roman settlement in the southern [&hellip;]<\/p>\n","protected":false},"author":1,"featured_media":2146,"parent":0,"menu_order":2,"comment_status":"closed","ping_status":"closed","template":"","meta":{"footnotes":""},"class_list":["post-596","page","type-page","status-publish","has-post-thumbnail","hentry"],"acf":[],"_links":{"self":[{"href":"https:\/\/www.domaine-de-soustres.fr\/en\/wp-json\/wp\/v2\/pages\/596","targetHints":{"allow":["GET"]}}],"collection":[{"href":"https:\/\/www.domaine-de-soustres.fr\/en\/wp-json\/wp\/v2\/pages"}],"about":[{"href":"https:\/\/www.domaine-de-soustres.fr\/en\/wp-json\/wp\/v2\/types\/page"}],"author":[{"embeddable":true,"href":"https:\/\/www.domaine-de-soustres.fr\/en\/wp-json\/wp\/v2\/users\/1"}],"replies":[{"embeddable":true,"href":"https:\/\/www.domaine-de-soustres.fr\/en\/wp-json\/wp\/v2\/comments?post=596"}],"version-history":[{"count":0,"href":"https:\/\/www.domaine-de-soustres.fr\/en\/wp-json\/wp\/v2\/pages\/596\/revisions"}],"wp:featuredmedia":[{"embeddable":true,"href":"https:\/\/www.domaine-de-soustres.fr\/en\/wp-json\/wp\/v2\/media\/2146"}],"wp:attachment":[{"href":"https:\/\/www.domaine-de-soustres.fr\/en\/wp-json\/wp\/v2\/media?parent=596"}],"curies":[{"name":"wp","href":"https:\/\/api.w.org\/{rel}","templated":true}]}}